{"id":101,"date":"2024-05-01T16:17:50","date_gmt":"2024-05-01T14:17:50","guid":{"rendered":"https:\/\/nesquik-schweiz.ch\/?page_id=101"},"modified":"2024-06-10T10:01:45","modified_gmt":"2024-06-10T08:01:45","slug":"nesquik-petit-fr","status":"publish","type":"page","link":"https:\/\/nesquik-schweiz.ch\/fr\/nesquik-petit-fr\/","title":{"rendered":"nesquik petit fr"},"content":{"rendered":"<h1>NESQUIK\u00ae Petit<\/h1>\n<p><img decoding=\"async\" src=\"\/wp-content\/uploads\/2024\/05\/nesquik_petit_packshots.png\" alt=\"\"><\/p>\n<div>\n<p><span>Que ce soit comme en-cas, apr\u00e8s le sport ou simplement comme une douce r\u00e9compense, NESQUIK\u00ae Petit est le parfait petit plaisir pour les pauses. Une recette avec du lait frais, source de Calcium et de la Vitamine D, et le bon go\u00fbt de NESQUIK\u00ae.<\/span><\/p>\n<\/p>\n<p>A retrouver au rayon frais !<\/p>\n<\/div>\n<ul>\n<li>\n<h3>Ingr\u00e9dients<\/h3>\n<div>\n<p><span>LAIT entier (66,8%), sucre, cr\u00e8me (<\/span><strong>LAIT<\/strong><span>) (CH:\u00a0<\/span><strong>double-cr\u00e8me<\/strong><span>) (9,4%), poudre de\u00a0<\/span><strong>LAIT<\/strong><span>\u00a0\u00e9cr\u00e9m\u00e9, amidon modifi\u00e9, cacao maigre en\u00a0poudre\u00a0(1,5%), correcteur d&rsquo;acidit\u00e9 (citrates de sodium), concentr\u00e9 de min\u00e9raux du<\/span><strong><span>\u00a0<\/span>LAIT<\/strong><span>, cannelle, vitamine D. Lait origine France<\/span><\/p>\n<\/div>\n<\/li>\n<li>\n<h3>Valeurs Nutrionnelles<\/h3>\n<div>\n<table>\n<tbody>\n<tr>\n<td><strong>Valeurs Nutrionnelles<\/strong><\/td>\n<td><strong>Par 100 g<\/strong><\/td>\n<\/tr>\n<tr>\n<td>Energie<\/td>\n<td>712 kJ \/ 169 kcal<\/td>\n<\/tr>\n<tr>\n<td>Mati\u00e8res grasses<\/td>\n<td>6.8 g<\/td>\n<\/tr>\n<tr>\n<td>dont acides gras satur\u00e9s\u00a0 \u00a0 \u00a0\u00a0<\/td>\n<td>4.5 g<\/td>\n<\/tr>\n<tr>\n<td>Glucides<\/td>\n<td>22.2 g<\/td>\n<\/tr>\n<tr>\n<td>dont sucres<\/td>\n<td>18.8 g<\/td>\n<\/tr>\n<tr>\n<td>Fibres<\/td>\n<td>0.5 g<\/td>\n<\/tr>\n<tr>\n<td>Prot\u00e9ines<\/td>\n<td>4.2 g<\/td>\n<\/tr>\n<tr>\n<td>Sel<\/td>\n<td>0.53 g<\/td>\n<\/tr>\n<tr>\n<td>Calcium<\/td>\n<td>225 mg \/ 28% (NRV**)<\/td>\n<\/tr>\n<tr>\n<td>Vitamin D<\/td>\n<td>1.8 \u00b5g \/ 36% (NRV**)<\/td>\n<\/tr>\n<\/tbody>\n<\/table>\n<p>** Valeurs nutritionnelles de r\u00e9f\u00e9rence (VNR) en vitamines et en sels min\u00e9raux (adultes).<\/p>\n<\/div>\n<\/li>\n<\/ul>\n<p>\n    <a href=\"https:\/\/www.coop.ch\/fr\/nourriture\/produits-laitiers-oeufs\/sere\/sere-aromatise\/nestle-petit-nesquik-au-chocolat\/p\/3081039\">Achetez ici<\/a>\n<\/p>\n<p><!--more--><br \/>\n<!-- {\"type\":\"layout\",\"children\":[{\"type\":\"section\",\"props\":{\"image_position\":\"center-center\",\"padding_remove_bottom\":true,\"style\":\"default\",\"title_breakpoint\":\"xl\",\"title_position\":\"top-left\",\"title_rotation\":\"left\",\"vertical_align\":\"\",\"width\":\"default\"},\"children\":[{\"type\":\"row\",\"children\":[{\"type\":\"column\",\"props\":{\"image_position\":\"center-center\",\"position_sticky_breakpoint\":\"m\"},\"children\":[{\"type\":\"headline\",\"props\":{\"content\":\"NESQUIK\\u00ae Petit\",\"text_align\":\"center\",\"title_element\":\"h1\",\"title_style\":\"heading-medium\"}}]}]},{\"type\":\"row\",\"children\":[{\"type\":\"column\",\"props\":{\"image_position\":\"center-center\",\"position_sticky_breakpoint\":\"m\",\"width_medium\":\"1-2\"},\"children\":[{\"type\":\"image\",\"props\":{\"image\":\"wp-content\\\/uploads\\\/2024\\\/05\\\/nesquik_petit_packshots.png\",\"image_svg_color\":\"emphasis\",\"image_width\":800,\"margin\":\"default\",\"text_align\":\"center\"}}]},{\"type\":\"column\",\"props\":{\"image_position\":\"center-center\",\"position_sticky_breakpoint\":\"m\",\"width_medium\":\"1-2\"},\"children\":[{\"type\":\"text\",\"props\":{\"column_breakpoint\":\"m\",\"content\":\"\n\n<p><span>Que ce soit comme en-cas, apr\\u00e8s le sport ou simplement comme une douce r\\u00e9compense, NESQUIK\\u00ae Petit est le parfait petit plaisir pour les pauses. Une recette avec du lait frais, source de Calcium et de la Vitamine D, et le bon go\\u00fbt de NESQUIK\\u00ae.<\\\/span><\\\/p>\\n\n\n<p><\\\/p>\\n\n\n<p>A retrouver au rayon frais !<\\\/p>\",\"margin\":\"large\",\"text_align\":\"left\",\"text_align_breakpoint\":\"m\",\"text_align_fallback\":\"center\"}},{\"type\":\"accordion\",\"props\":{\"block_align\":\"center\",\"collapsible\":true,\"content_column_breakpoint\":\"m\",\"content_style\":\"meta\",\"image_align\":\"top\",\"image_grid_breakpoint\":\"m\",\"image_grid_width\":\"1-2\",\"image_svg_color\":\"emphasis\",\"link_style\":\"default\",\"link_text\":\"Read more\",\"maxwidth\":\"2xlarge\",\"multiple\":true,\"show_image\":true,\"show_link\":true},\"children\":[{\"type\":\"accordion_item\",\"props\":{\"content\":\"\n\n<p><span>LAIT entier (66,8%), sucre, cr\\u00e8me (<\\\/span><strong>LAIT<\\\/strong><span>) (CH:\\u00a0<\\\/span><strong>double-cr\\u00e8me<\\\/strong><span>) (9,4%), poudre de\\u00a0<\\\/span><strong>LAIT<\\\/strong><span>\\u00a0\\u00e9cr\\u00e9m\\u00e9, amidon modifi\\u00e9, cacao maigre en\\u00a0poudre\\u00a0(1,5%), correcteur d'acidit\\u00e9 (citrates de sodium), concentr\\u00e9 de min\\u00e9raux du<\\\/span><strong><span>\\u00a0<\\\/span>LAIT<\\\/strong><span>, cannelle, vitamine D. Lait origine France<\\\/span><\\\/p>\",\"title\":\"Ingr\\u00e9dients\"}},{\"type\":\"accordion_item\",\"props\":{\"content\":\"\n\n<table>\\n\n\n<tbody>\\n\n\n<tr>\\n\n\n<td><strong>Valeurs Nutrionnelles<\\\/strong><\\\/td>\\n\n\n<td><strong>Par 100 g<\\\/strong><\\\/td>\\n<\\\/tr>\\n\n\n<tr>\\n\n\n<td>Energie<\\\/td>\\n\n\n<td>712 kJ \\\/ 169 kcal<\\\/td>\\n<\\\/tr>\\n\n\n<tr>\\n\n\n<td>Mati\\u00e8res grasses<\\\/td>\\n\n\n<td>6.8 g<\\\/td>\\n<\\\/tr>\\n\n\n<tr>\\n\n\n<td>dont acides gras satur\\u00e9s\\u00a0 \\u00a0 \\u00a0\\u00a0<\\\/td>\\n\n\n<td>4.5 g<\\\/td>\\n<\\\/tr>\\n\n\n<tr>\\n\n\n<td>Glucides<\\\/td>\\n\n\n<td>22.2 g<\\\/td>\\n<\\\/tr>\\n\n\n<tr>\\n\n\n<td>dont sucres<\\\/td>\\n\n\n<td>18.8 g<\\\/td>\\n<\\\/tr>\\n\n\n<tr>\\n\n\n<td>Fibres<\\\/td>\\n\n\n<td>0.5 g<\\\/td>\\n<\\\/tr>\\n\n\n<tr>\\n\n\n<td>Prot\\u00e9ines<\\\/td>\\n\n\n<td>4.2 g<\\\/td>\\n<\\\/tr>\\n\n\n<tr>\\n\n\n<td>Sel<\\\/td>\\n\n\n<td>0.53 g<\\\/td>\\n<\\\/tr>\\n\n\n<tr>\\n\n\n<td>Calcium<\\\/td>\\n\n\n<td>225 mg \\\/ 28% (NRV**)<\\\/td>\\n<\\\/tr>\\n\n\n<tr>\\n\n\n<td>Vitamin D<\\\/td>\\n\n\n<td>1.8 \\u00b5g \\\/ 36% (NRV**)<\\\/td>\\n<\\\/tr>\\n<\\\/tbody>\\n<\\\/table>\\n\n\n<p>** Valeurs nutritionnelles de r\\u00e9f\\u00e9rence (VNR) en vitamines et en sels min\\u00e9raux (adultes).<\\\/p>\",\"title\":\"Valeurs Nutrionnelles\"}}]},{\"type\":\"button\",\"props\":{\"grid_column_gap\":\"small\",\"grid_row_gap\":\"small\",\"margin\":\"large\",\"text_align\":\"left\"},\"children\":[{\"type\":\"button_item\",\"props\":{\"button_style\":\"default\",\"content\":\"Achetez ici\",\"icon_align\":\"left\",\"link\":\"https:\\\/\\\/www.coop.ch\\\/fr\\\/nourriture\\\/produits-laitiers-oeufs\\\/sere\\\/sere-aromatise\\\/nestle-petit-nesquik-au-chocolat\\\/p\\\/3081039\",\"link_target\":\"blank\"}}]}]}],\"props\":{\"layout\":\"1-2,1-2\",\"margin\":\"large\",\"margin_remove_bottom\":false}}],\"name\":\"Nesquik Snack\"}],\"version\":\"4.4.3\"} --><\/p>\n","protected":false},"excerpt":{"rendered":"<p>NESQUIK\u00ae Petit Que ce soit comme en-cas, apr\u00e8s le sport ou simplement comme une douce r\u00e9compense, NESQUIK\u00ae Petit est le parfait petit plaisir pour les pauses. Une recette avec du lait frais, source de Calcium et de la Vitamine D, et le bon go\u00fbt de NESQUIK\u00ae. A retrouver au rayon frais ! Ingr\u00e9dients LAIT entier [&hellip;]<\/p>\n","protected":false},"author":1,"featured_media":0,"parent":0,"menu_order":0,"comment_status":"closed","ping_status":"closed","template":"","meta":{"footnotes":""},"class_list":["post-101","page","type-page","status-publish","hentry"],"_links":{"self":[{"href":"https:\/\/nesquik-schweiz.ch\/fr\/wp-json\/wp\/v2\/pages\/101","targetHints":{"allow":["GET"]}}],"collection":[{"href":"https:\/\/nesquik-schweiz.ch\/fr\/wp-json\/wp\/v2\/pages"}],"about":[{"href":"https:\/\/nesquik-schweiz.ch\/fr\/wp-json\/wp\/v2\/types\/page"}],"author":[{"embeddable":true,"href":"https:\/\/nesquik-schweiz.ch\/fr\/wp-json\/wp\/v2\/users\/1"}],"replies":[{"embeddable":true,"href":"https:\/\/nesquik-schweiz.ch\/fr\/wp-json\/wp\/v2\/comments?post=101"}],"version-history":[{"count":13,"href":"https:\/\/nesquik-schweiz.ch\/fr\/wp-json\/wp\/v2\/pages\/101\/revisions"}],"predecessor-version":[{"id":306,"href":"https:\/\/nesquik-schweiz.ch\/fr\/wp-json\/wp\/v2\/pages\/101\/revisions\/306"}],"wp:attachment":[{"href":"https:\/\/nesquik-schweiz.ch\/fr\/wp-json\/wp\/v2\/media?parent=101"}],"curies":[{"name":"wp","href":"https:\/\/api.w.org\/{rel}","templated":true}]}}