{"id":171,"date":"2024-05-01T16:18:28","date_gmt":"2024-05-01T14:18:28","guid":{"rendered":"https:\/\/nesquik-schweiz.ch\/?page_id=171"},"modified":"2024-08-08T16:44:43","modified_gmt":"2024-08-08T14:44:43","slug":"nesquik-super-choco-fr","status":"publish","type":"page","link":"https:\/\/nesquik-schweiz.ch\/fr\/nesquik-super-choco-fr\/","title":{"rendered":"nesquik-super-choco-fr"},"content":{"rendered":"<h1>NESQUIK\u00ae Super Choco<\/h1>\n<p><img decoding=\"async\" src=\"\/wp-content\/uploads\/2024\/05\/nesquik_super-choco_packshots.png\" alt=\"\"><\/p>\n<div>\n<p>Faites une pause avec NESQUIK\u00ae Super Choco, une ganache au chocolat entre deux couches de biscuits moelleux, enrob\u00e9e de chocolat croquant. <br \/>Un d\u00e9licieux snack au bon go\u00fbt de NESQUIK\u00ae pour un petit moment de plaisir.<\/p>\n<p>A retrouver au rayon frais !\u00a0<\/p>\n<\/div>\n<ul>\n<li>\n<h3>Ingr\u00e9dients<\/h3>\n<div>\n<p>Lait entier (33%), chocolat de couverture (20,7%) [sucre, p\u00e2te de cacao, beurre de cacao, \u00e9mulsifiants (l\u00e9cithine, polyricinol\u00e9ate de polyglyc\u00e9rol), ar\u00f4me naturel de vanille], sucre, huiles v\u00e9g\u00e9tales (palme, tournesol), farine de bl\u00e9, eau, poudre de lait \u00e9cr\u00e9m\u00e9, cacao maigre en poudre (4,1%), beurre (lait) concentr\u00e9, sirop de glucose-fructose, dextrose, oeufs en poudre, fibres de bl\u00e9 solubles, \u00e9mulsifiant (mono- et diglyc\u00e9rides d&rsquo;acides gras), poudre \u00e0 lever (carbonates d&rsquo;ammonium), beurre (lait), sel, ar\u00f4me naturel. Peut contenir : Arachide, fruit(s) \u00e0 coque, soja, moutarde.<\/p>\n<\/div>\n<\/li>\n<li>\n<h3>Valeurs Nutrionnelles<\/h3>\n<div>\n<table>\n<tbody>\n<tr>\n<td><strong>Valeurs Nutrionnelles<\/strong><\/td>\n<td><strong>Je 100 g<\/strong><\/td>\n<\/tr>\n<tr>\n<td>Energie<\/td>\n<td>1803 kJ \/ 432 kcal<\/td>\n<\/tr>\n<tr>\n<td>Mati\u00e8res grasses<\/td>\n<td>23.7 g<\/td>\n<\/tr>\n<tr>\n<td>dont acides gras satur\u00e9s\u00a0<\/td>\n<td>13.3 g<\/td>\n<\/tr>\n<tr>\n<td>Glucides<\/td>\n<td>46.6 g<\/td>\n<\/tr>\n<tr>\n<td>dont sucres<\/td>\n<td>32.5 g<\/td>\n<\/tr>\n<tr>\n<td>Fibres<\/td>\n<td>2.3 g<\/td>\n<\/tr>\n<tr>\n<td>Prot\u00e9ines<\/td>\n<td>6.8 g<\/td>\n<\/tr>\n<tr>\n<td>Sel<\/td>\n<td>0.16 g<\/td>\n<\/tr>\n<\/tbody>\n<\/table>\n<\/div>\n<\/li>\n<\/ul>\n<p>\n    <a href=\"https:\/\/www.coop.ch\/fr\/nourriture\/produits-laitiers-oeufs\/desserts-frais-cremes\/snacks-au-lait\/barres-super-choco-nesquik-4x28g\/p\/7297542?context=search\">Achetez ici<\/a>\n<\/p>\n<p><!--more--><br \/>\n<!-- {\"type\":\"layout\",\"children\":[{\"type\":\"section\",\"props\":{\"image_position\":\"center-center\",\"padding_remove_bottom\":true,\"style\":\"default\",\"title_breakpoint\":\"xl\",\"title_position\":\"top-left\",\"title_rotation\":\"left\",\"vertical_align\":\"\",\"width\":\"default\"},\"children\":[{\"type\":\"row\",\"children\":[{\"type\":\"column\",\"props\":{\"image_position\":\"center-center\",\"position_sticky_breakpoint\":\"m\"},\"children\":[{\"type\":\"headline\",\"props\":{\"content\":\"NESQUIK\\u00ae Super Choco\",\"text_align\":\"center\",\"title_element\":\"h1\",\"title_style\":\"heading-medium\"}}]}]},{\"type\":\"row\",\"children\":[{\"type\":\"column\",\"props\":{\"image_position\":\"center-center\",\"position_sticky_breakpoint\":\"m\",\"width_medium\":\"1-2\"},\"children\":[{\"type\":\"image\",\"props\":{\"image\":\"wp-content\\\/uploads\\\/2024\\\/05\\\/nesquik_super-choco_packshots.png\",\"image_svg_color\":\"emphasis\",\"image_width\":800,\"margin\":\"default\",\"text_align\":\"center\"}}]},{\"type\":\"column\",\"props\":{\"image_position\":\"center-center\",\"position_sticky_breakpoint\":\"m\",\"width_medium\":\"1-2\"},\"children\":[{\"type\":\"text\",\"props\":{\"column_breakpoint\":\"m\",\"content\":\"\n\n<p>D\\u00e9licieuse cr\\u00e8me au chocolat entre deux couches de biscuits moelleux, enrob\\u00e9e de chocolat croquant. Pour un petit moment de plaisir.<\\\/p>\",\"margin\":\"large\",\"status\":\"disabled\",\"text_align\":\"left\",\"text_align_breakpoint\":\"m\",\"text_align_fallback\":\"center\"}},{\"type\":\"text\",\"props\":{\"column_breakpoint\":\"m\",\"content\":\"\n\n<p>Faites une pause avec NESQUIK\\u00ae Super Choco, une ganache au chocolat entre deux couches de biscuits moelleux, enrob\\u00e9e de chocolat croquant. <br \\\/>Un d\\u00e9licieux snack au bon go\\u00fbt de NESQUIK\\u00ae pour un petit moment de plaisir.<\\\/p>\\n\n\n<p>A retrouver au rayon frais !\\u00a0<\\\/p>\",\"margin\":\"large\",\"text_align\":\"left\",\"text_align_breakpoint\":\"m\",\"text_align_fallback\":\"center\"}},{\"type\":\"accordion\",\"props\":{\"block_align\":\"center\",\"collapsible\":true,\"content_column_breakpoint\":\"m\",\"content_style\":\"meta\",\"image_align\":\"top\",\"image_grid_breakpoint\":\"m\",\"image_grid_width\":\"1-2\",\"image_svg_color\":\"emphasis\",\"link_style\":\"default\",\"link_text\":\"Read more\",\"maxwidth\":\"2xlarge\",\"multiple\":true,\"show_image\":true,\"show_link\":true},\"children\":[{\"type\":\"accordion_item\",\"props\":{\"content\":\"\n\n<p>Lait entier (33%), chocolat de couverture (20,7%) [sucre, p\\u00e2te de cacao, beurre de cacao, \\u00e9mulsifiants (l\\u00e9cithine, polyricinol\\u00e9ate de polyglyc\\u00e9rol), ar\\u00f4me naturel de vanille], sucre, huiles v\\u00e9g\\u00e9tales (palme, tournesol), farine de bl\\u00e9, eau, poudre de lait \\u00e9cr\\u00e9m\\u00e9, cacao maigre en poudre (4,1%), beurre (lait) concentr\\u00e9, sirop de glucose-fructose, dextrose, oeufs en poudre, fibres de bl\\u00e9 solubles, \\u00e9mulsifiant (mono- et diglyc\\u00e9rides d'acides gras), poudre \\u00e0 lever (carbonates d'ammonium), beurre (lait), sel, ar\\u00f4me naturel. Peut contenir : Arachide, fruit(s) \\u00e0 coque, soja, moutarde.<\\\/p>\",\"title\":\"Ingr\\u00e9dients\"}},{\"type\":\"accordion_item\",\"props\":{\"content\":\"\n\n<table>\\n\n\n<tbody>\\n\n\n<tr>\\n\n\n<td><strong>Valeurs Nutrionnelles<\\\/strong><\\\/td>\\n\n\n<td><strong>Je 100 g<\\\/strong><\\\/td>\\n<\\\/tr>\\n\n\n<tr>\\n\n\n<td>Energie<\\\/td>\\n\n\n<td>1803 kJ \\\/ 432 kcal<\\\/td>\\n<\\\/tr>\\n\n\n<tr>\\n\n\n<td>Mati\\u00e8res grasses<\\\/td>\\n\n\n<td>23.7 g<\\\/td>\\n<\\\/tr>\\n\n\n<tr>\\n\n\n<td>dont acides gras satur\\u00e9s\\u00a0<\\\/td>\\n\n\n<td>13.3 g<\\\/td>\\n<\\\/tr>\\n\n\n<tr>\\n\n\n<td>Glucides<\\\/td>\\n\n\n<td>46.6 g<\\\/td>\\n<\\\/tr>\\n\n\n<tr>\\n\n\n<td>dont sucres<\\\/td>\\n\n\n<td>32.5 g<\\\/td>\\n<\\\/tr>\\n\n\n<tr>\\n\n\n<td>Fibres<\\\/td>\\n\n\n<td>2.3 g<\\\/td>\\n<\\\/tr>\\n\n\n<tr>\\n\n\n<td>Prot\\u00e9ines<\\\/td>\\n\n\n<td>6.8 g<\\\/td>\\n<\\\/tr>\\n\n\n<tr>\\n\n\n<td>Sel<\\\/td>\\n\n\n<td>0.16 g<\\\/td>\\n<\\\/tr>\\n<\\\/tbody>\\n<\\\/table>\",\"title\":\"Valeurs Nutrionnelles\"}}]},{\"type\":\"button\",\"props\":{\"grid_column_gap\":\"small\",\"grid_row_gap\":\"small\",\"margin\":\"large\",\"text_align\":\"left\"},\"children\":[{\"type\":\"button_item\",\"props\":{\"button_style\":\"default\",\"content\":\"Achetez ici\",\"icon_align\":\"left\",\"link\":\"https:\\\/\\\/www.coop.ch\\\/fr\\\/nourriture\\\/produits-laitiers-oeufs\\\/desserts-frais-cremes\\\/snacks-au-lait\\\/barres-super-choco-nesquik-4x28g\\\/p\\\/7297542?context=search\",\"link_target\":\"blank\"}}]}]}],\"props\":{\"layout\":\"1-2,1-2\",\"margin\":\"large\",\"margin_remove_bottom\":false}}],\"name\":\"Nesquik Snack\"}],\"version\":\"4.4.4\"} --><\/p>\n","protected":false},"excerpt":{"rendered":"<p>NESQUIK\u00ae Super Choco Faites une pause avec NESQUIK\u00ae Super Choco, une ganache au chocolat entre deux couches de biscuits moelleux, enrob\u00e9e de chocolat croquant. Un d\u00e9licieux snack au bon go\u00fbt de NESQUIK\u00ae pour un petit moment de plaisir. A retrouver au rayon frais !\u00a0 Ingr\u00e9dients Lait entier (33%), chocolat de couverture (20,7%) [sucre, p\u00e2te de [&hellip;]<\/p>\n","protected":false},"author":1,"featured_media":0,"parent":0,"menu_order":0,"comment_status":"closed","ping_status":"closed","template":"","meta":{"footnotes":""},"class_list":["post-171","page","type-page","status-publish","hentry"],"_links":{"self":[{"href":"https:\/\/nesquik-schweiz.ch\/fr\/wp-json\/wp\/v2\/pages\/171","targetHints":{"allow":["GET"]}}],"collection":[{"href":"https:\/\/nesquik-schweiz.ch\/fr\/wp-json\/wp\/v2\/pages"}],"about":[{"href":"https:\/\/nesquik-schweiz.ch\/fr\/wp-json\/wp\/v2\/types\/page"}],"author":[{"embeddable":true,"href":"https:\/\/nesquik-schweiz.ch\/fr\/wp-json\/wp\/v2\/users\/1"}],"replies":[{"embeddable":true,"href":"https:\/\/nesquik-schweiz.ch\/fr\/wp-json\/wp\/v2\/comments?post=171"}],"version-history":[{"count":12,"href":"https:\/\/nesquik-schweiz.ch\/fr\/wp-json\/wp\/v2\/pages\/171\/revisions"}],"predecessor-version":[{"id":323,"href":"https:\/\/nesquik-schweiz.ch\/fr\/wp-json\/wp\/v2\/pages\/171\/revisions\/323"}],"wp:attachment":[{"href":"https:\/\/nesquik-schweiz.ch\/fr\/wp-json\/wp\/v2\/media?parent=171"}],"curies":[{"name":"wp","href":"https:\/\/api.w.org\/{rel}","templated":true}]}}