{"id":91,"date":"2024-05-01T16:18:13","date_gmt":"2024-05-01T14:18:13","guid":{"rendered":"https:\/\/nesquik-schweiz.ch\/?page_id=91"},"modified":"2024-06-10T10:01:00","modified_gmt":"2024-06-10T08:01:00","slug":"nesquik-snack-fr","status":"publish","type":"page","link":"https:\/\/nesquik-schweiz.ch\/fr\/nesquik-snack-fr\/","title":{"rendered":"nesquik snack fr"},"content":{"rendered":"<h1>NESQUIK\u00ae Snack<\/h1>\n<p><img decoding=\"async\" src=\"\/wp-content\/uploads\/2024\/05\/nesquik_snack_packshots.png\" alt=\"\"><\/p>\n<div>\n<p>NESQUIK\u00ae Snack est l&rsquo;alli\u00e9 id\u00e9al pour une pause gourmande: une ganache et un enrobage moelleux, une recette fait avec du lait frais, qui plaira aux petits et aux grands !<\/p>\n<p>A retrouver au rayon frais !<\/p>\n<\/div>\n<ul>\n<li>\n<h3>Ingr\u00e9dients<\/h3>\n<div>\n<p><strong>LAIT<\/strong>\u00a0entier (34%), sucre, huiles v\u00e9g\u00e9tales (palme, tournesol), farine de\u00a0<strong>BL\u00c9, poudre de LAIT \u00e9cr\u00e9m\u00e9, cacao maigre en poudre (5,1%), amidon, sirop de glucose-fructose, \u0152UFS entiers en poudre, dextrose, \u00e9mulsifiant (mono- et <\/strong>diglyc\u00e9rides d\u2019acides gras), poudre \u00e0 lever (carbonates d\u2019ammonium), ar\u00f4mes naturels, sel, lactose (LAIT). Peut contenir\u00a0: ARACHIDE, FRUITS \u00c0 COQUE, SOJA, MOUTARDE.<\/p>\n<\/div>\n<\/li>\n<li>\n<h3>Valeurs Nutrionnelles<\/h3>\n<div>\n<table>\n<tbody>\n<tr>\n<td><strong>Valeurs Nutrionnelles<\/strong><\/td>\n<td><strong>Par 100 g<\/strong><\/td>\n<\/tr>\n<tr>\n<td>Energie<\/td>\n<td>1691 kJ \/ 404 kcal<\/td>\n<\/tr>\n<tr>\n<td>Mati\u00e8res grasses<\/td>\n<td>21.5 g<\/td>\n<\/tr>\n<tr>\n<td>dont acides gras satur\u00e9s\u00a0<\/td>\n<td>10.5 g<\/td>\n<\/tr>\n<tr>\n<td>Glucides<\/td>\n<td>44.2 g<\/td>\n<\/tr>\n<tr>\n<td>dont sucres<\/td>\n<td>28.8 g<\/td>\n<\/tr>\n<tr>\n<td>Fibres<\/td>\n<td>2.0 g<\/td>\n<\/tr>\n<tr>\n<td>Prot\u00e9ines<\/td>\n<td>7.5 g<\/td>\n<\/tr>\n<tr>\n<td>Sel<\/td>\n<td>0.28 g<\/td>\n<\/tr>\n<\/tbody>\n<\/table>\n<\/div>\n<\/li>\n<\/ul>\n<p>\n    <a href=\"https:\/\/www.coop.ch\/fr\/nourriture\/produits-laitiers-oeufs\/desserts-frais-cremes\/snacks-au-lait\/nestle-nesquik-snack-barres-4x26-g\/p\/3081584\">Achetez ici<\/a>\n<\/p>\n<p><!--more--><br \/>\n<!-- {\"type\":\"layout\",\"children\":[{\"type\":\"section\",\"props\":{\"image_position\":\"center-center\",\"padding_remove_bottom\":true,\"style\":\"default\",\"title_breakpoint\":\"xl\",\"title_position\":\"top-left\",\"title_rotation\":\"left\",\"vertical_align\":\"\",\"width\":\"default\"},\"children\":[{\"type\":\"row\",\"children\":[{\"type\":\"column\",\"props\":{\"image_position\":\"center-center\",\"position_sticky_breakpoint\":\"m\"},\"children\":[{\"type\":\"headline\",\"props\":{\"content\":\"NESQUIK\\u00ae Snack\",\"text_align\":\"center\",\"title_element\":\"h1\",\"title_style\":\"heading-medium\"}}]}]},{\"type\":\"row\",\"children\":[{\"type\":\"column\",\"props\":{\"image_position\":\"center-center\",\"position_sticky_breakpoint\":\"m\",\"width_medium\":\"1-2\"},\"children\":[{\"type\":\"image\",\"props\":{\"image\":\"wp-content\\\/uploads\\\/2024\\\/05\\\/nesquik_snack_packshots.png\",\"image_svg_color\":\"emphasis\",\"image_width\":800,\"margin\":\"default\",\"text_align\":\"center\"}}]},{\"type\":\"column\",\"props\":{\"image_position\":\"center-center\",\"position_sticky_breakpoint\":\"m\",\"width_medium\":\"1-2\"},\"children\":[{\"type\":\"text\",\"props\":{\"column_breakpoint\":\"m\",\"content\":\"\n\n<p>NESQUIK\\u00ae Snack est l'alli\\u00e9 id\\u00e9al pour une pause gourmande: une ganache et un enrobage moelleux, une recette fait avec du lait frais, qui plaira aux petits et aux grands !<\\\/p>\\n\n\n<p>A retrouver au rayon frais !<\\\/p>\",\"margin\":\"large\",\"text_align\":\"left\",\"text_align_breakpoint\":\"m\",\"text_align_fallback\":\"center\"}},{\"type\":\"accordion\",\"props\":{\"block_align\":\"center\",\"collapsible\":true,\"content_column_breakpoint\":\"m\",\"content_style\":\"meta\",\"image_align\":\"top\",\"image_grid_breakpoint\":\"m\",\"image_grid_width\":\"1-2\",\"image_svg_color\":\"emphasis\",\"link_style\":\"default\",\"link_text\":\"Read more\",\"maxwidth\":\"2xlarge\",\"multiple\":true,\"show_image\":true,\"show_link\":true},\"children\":[{\"type\":\"accordion_item\",\"props\":{\"content\":\"\n\n<p><strong>LAIT<\\\/strong>\\u00a0entier (34%), sucre, huiles v\\u00e9g\\u00e9tales (palme, tournesol), farine de\\u00a0<strong>BL\\u00c9, poudre de LAIT \\u00e9cr\\u00e9m\\u00e9, cacao maigre en poudre (5,1%), amidon, sirop de glucose-fructose, \\u0152UFS entiers en poudre, dextrose, \\u00e9mulsifiant (mono- et <\\\/strong>diglyc\\u00e9rides d\\u2019acides gras), poudre \\u00e0 lever (carbonates d\\u2019ammonium), ar\\u00f4mes naturels, sel, lactose (LAIT). Peut contenir\\u00a0: ARACHIDE, FRUITS \\u00c0 COQUE, SOJA, MOUTARDE.<\\\/p>\",\"title\":\"Ingr\\u00e9dients\"}},{\"type\":\"accordion_item\",\"props\":{\"content\":\"\n\n<table>\\n\n\n<tbody>\\n\n\n<tr>\\n\n\n<td><strong>Valeurs Nutrionnelles<\\\/strong><\\\/td>\\n\n\n<td><strong>Par 100 g<\\\/strong><\\\/td>\\n<\\\/tr>\\n\n\n<tr>\\n\n\n<td>Energie<\\\/td>\\n\n\n<td>1691 kJ \\\/ 404 kcal<\\\/td>\\n<\\\/tr>\\n\n\n<tr>\\n\n\n<td>Mati\\u00e8res grasses<\\\/td>\\n\n\n<td>21.5 g<\\\/td>\\n<\\\/tr>\\n\n\n<tr>\\n\n\n<td>dont acides gras satur\\u00e9s\\u00a0<\\\/td>\\n\n\n<td>10.5 g<\\\/td>\\n<\\\/tr>\\n\n\n<tr>\\n\n\n<td>Glucides<\\\/td>\\n\n\n<td>44.2 g<\\\/td>\\n<\\\/tr>\\n\n\n<tr>\\n\n\n<td>dont sucres<\\\/td>\\n\n\n<td>28.8 g<\\\/td>\\n<\\\/tr>\\n\n\n<tr>\\n\n\n<td>Fibres<\\\/td>\\n\n\n<td>2.0 g<\\\/td>\\n<\\\/tr>\\n\n\n<tr>\\n\n\n<td>Prot\\u00e9ines<\\\/td>\\n\n\n<td>7.5 g<\\\/td>\\n<\\\/tr>\\n\n\n<tr>\\n\n\n<td>Sel<\\\/td>\\n\n\n<td>0.28 g<\\\/td>\\n<\\\/tr>\\n<\\\/tbody>\\n<\\\/table>\",\"title\":\"Valeurs Nutrionnelles\"}}]},{\"type\":\"button\",\"props\":{\"grid_column_gap\":\"small\",\"grid_row_gap\":\"small\",\"margin\":\"large\",\"text_align\":\"left\"},\"children\":[{\"type\":\"button_item\",\"props\":{\"button_style\":\"default\",\"content\":\"Achetez ici\",\"icon_align\":\"left\",\"link\":\"https:\\\/\\\/www.coop.ch\\\/fr\\\/nourriture\\\/produits-laitiers-oeufs\\\/desserts-frais-cremes\\\/snacks-au-lait\\\/nestle-nesquik-snack-barres-4x26-g\\\/p\\\/3081584\",\"link_target\":\"blank\"}}]}]}],\"props\":{\"layout\":\"1-2,1-2\",\"margin\":\"large\",\"margin_remove_bottom\":false}}],\"name\":\"Nesquik Snack\"}],\"version\":\"4.4.3\"} --><\/p>\n","protected":false},"excerpt":{"rendered":"<p>NESQUIK\u00ae Snack NESQUIK\u00ae Snack est l&rsquo;alli\u00e9 id\u00e9al pour une pause gourmande: une ganache et un enrobage moelleux, une recette fait avec du lait frais, qui plaira aux petits et aux grands ! A retrouver au rayon frais ! Ingr\u00e9dients LAIT\u00a0entier (34%), sucre, huiles v\u00e9g\u00e9tales (palme, tournesol), farine de\u00a0BL\u00c9, poudre de LAIT \u00e9cr\u00e9m\u00e9, cacao maigre en [&hellip;]<\/p>\n","protected":false},"author":1,"featured_media":0,"parent":0,"menu_order":0,"comment_status":"closed","ping_status":"closed","template":"","meta":{"footnotes":""},"class_list":["post-91","page","type-page","status-publish","hentry"],"_links":{"self":[{"href":"https:\/\/nesquik-schweiz.ch\/fr\/wp-json\/wp\/v2\/pages\/91","targetHints":{"allow":["GET"]}}],"collection":[{"href":"https:\/\/nesquik-schweiz.ch\/fr\/wp-json\/wp\/v2\/pages"}],"about":[{"href":"https:\/\/nesquik-schweiz.ch\/fr\/wp-json\/wp\/v2\/types\/page"}],"author":[{"embeddable":true,"href":"https:\/\/nesquik-schweiz.ch\/fr\/wp-json\/wp\/v2\/users\/1"}],"replies":[{"embeddable":true,"href":"https:\/\/nesquik-schweiz.ch\/fr\/wp-json\/wp\/v2\/comments?post=91"}],"version-history":[{"count":8,"href":"https:\/\/nesquik-schweiz.ch\/fr\/wp-json\/wp\/v2\/pages\/91\/revisions"}],"predecessor-version":[{"id":305,"href":"https:\/\/nesquik-schweiz.ch\/fr\/wp-json\/wp\/v2\/pages\/91\/revisions\/305"}],"wp:attachment":[{"href":"https:\/\/nesquik-schweiz.ch\/fr\/wp-json\/wp\/v2\/media?parent=91"}],"curies":[{"name":"wp","href":"https:\/\/api.w.org\/{rel}","templated":true}]}}